{"id":2118,"date":"2023-02-01T10:02:32","date_gmt":"2023-02-01T09:02:32","guid":{"rendered":"http:\/\/aividens.com\/?page_id=2118"},"modified":"2025-06-12T14:04:03","modified_gmt":"2025-06-12T13:04:03","slug":"actualites","status":"publish","type":"page","link":"https:\/\/aividens.com\/fr\/actualites\/","title":{"rendered":"Actualit\u00e9s"},"content":{"rendered":"\t\t<div data-elementor-type=\"wp-page\" data-elementor-id=\"2118\" class=\"elementor elementor-2118 elementor-1983\" data-elementor-post-type=\"page\">\n\t\t\t\t\t\t<section class=\"elementor-section elementor-top-section elementor-element elementor-element-5607b8c elementor-section-boxed elementor-section-height-default elementor-section-height-default\" data-id=\"5607b8c\" data-element_type=\"section\" data-settings=\"{&quot;background_background&quot;:&quot;classic&quot;}\">\n\t\t\t\t\t\t<div class=\"elementor-container elementor-column-gap-default\">\n\t\t\t\t\t<div class=\"elementor-column elementor-col-100 elementor-top-column elementor-element elementor-element-e494563\" data-id=\"e494563\" data-element_type=\"column\">\n\t\t\t<div class=\"elementor-widget-wrap elementor-element-populated\">\n\t\t\t\t\t\t<div class=\"elementor-element elementor-element-11a0d7b elementor-widget elementor-widget-heading\" data-id=\"11a0d7b\" data-element_type=\"widget\" data-widget_type=\"heading.default\">\n\t\t\t\t<div class=\"elementor-widget-container\">\n\t\t\t\t\t<h1 class=\"elementor-heading-title elementor-size-default\">Actualit\u00e9s<\/h1>\t\t\t\t<\/div>\n\t\t\t\t<\/div>\n\t\t\t\t<div class=\"elementor-element elementor-element-fc37044 elementor-widget elementor-widget-heading\" data-id=\"fc37044\" data-element_type=\"widget\" data-widget_type=\"heading.default\">\n\t\t\t\t<div class=\"elementor-widget-container\">\n\t\t\t\t\t<h2 class=\"elementor-heading-title elementor-size-default\">Vid\u00e9os<\/h2>\t\t\t\t<\/div>\n\t\t\t\t<\/div>\n\t\t\t\t<section class=\"elementor-section elementor-inner-section elementor-element elementor-element-27c8f7c elementor-section-boxed elementor-section-height-default elementor-section-height-default\" data-id=\"27c8f7c\" data-element_type=\"section\">\n\t\t\t\t\t\t<div class=\"elementor-container elementor-column-gap-default\">\n\t\t\t\t\t<div class=\"elementor-column elementor-col-33 elementor-inner-column elementor-element elementor-element-8e22d67\" data-id=\"8e22d67\" data-element_type=\"column\">\n\t\t\t<div class=\"elementor-widget-wrap elementor-element-populated\">\n\t\t\t\t\t\t<div class=\"elementor-element elementor-element-726b4bb elementor-widget elementor-widget-image\" data-id=\"726b4bb\" data-element_type=\"widget\" data-widget_type=\"image.default\">\n\t\t\t\t<div class=\"elementor-widget-container\">\n\t\t\t\t\t\t\t\t\t\t\t\t\t\t\t<img fetchpriority=\"high\" decoding=\"async\" width=\"617\" height=\"349\" src=\"https:\/\/aividens.com\/wp-content\/uploads\/2023\/01\/aividens-canal-z-article-news.png\" class=\"attachment-medium_large size-medium_large wp-image-1971\" alt=\"\" srcset=\"https:\/\/aividens.com\/wp-content\/uploads\/2023\/01\/aividens-canal-z-article-news.png 617w, https:\/\/aividens.com\/wp-content\/uploads\/2023\/01\/aividens-canal-z-article-news-300x170.png 300w\" sizes=\"(max-width: 617px) 100vw, 617px\" title=\"\">\t\t\t\t\t\t\t\t\t\t\t\t\t\t\t<\/div>\n\t\t\t\t<\/div>\n\t\t\t\t<div class=\"elementor-element elementor-element-b566e09 elementor-widget elementor-widget-text-editor\" data-id=\"b566e09\" data-element_type=\"widget\" data-widget_type=\"text-editor.default\">\n\t\t\t\t<div class=\"elementor-widget-container\">\n\t\t\t\t\t\t\t\t\t<p><strong>L&rsquo;IA dans la gestion des collections<\/strong><\/p>\t\t\t\t\t\t\t\t<\/div>\n\t\t\t\t<\/div>\n\t\t\t\t<div class=\"elementor-element elementor-element-3945fe7 elementor-widget elementor-widget-text-editor\" data-id=\"3945fe7\" data-element_type=\"widget\" data-widget_type=\"text-editor.default\">\n\t\t\t\t<div class=\"elementor-widget-container\">\n\t\t\t\t\t\t\t\t\t<p><span style=\"color: var( --e-global-color-text )\">Regardez la vid\u00e9o et l&rsquo;article (uniquement disponible en <\/span><a style=\"background-color: #ffffff\" href=\"https:\/\/canalz.levif.be\/news\/l-ai-au-service-de-recouvrement-des-factures\/video-normal-1518093.html?cookie_check=1673971842\" target=\"_blank\" rel=\"noopener\">fran\u00e7ais<\/a><span style=\"color: var( --e-global-color-text )\"> et <\/span><a style=\"background-color: #ffffff\" href=\"https:\/\/kanaalz.knack.be\/nieuws\/aividens-haalt-1-5-miljoen-euro-op-om-betalingsgedrag-te-voorspellen\/video-normal-1827339.html\" target=\"_blank\" rel=\"noopener\">n\u00e9erlandais<\/a><span style=\"color: var( --e-global-color-text )\">).<\/span><\/p>\t\t\t\t\t\t\t\t<\/div>\n\t\t\t\t<\/div>\n\t\t\t\t\t<\/div>\n\t\t<\/div>\n\t\t\t\t<div class=\"elementor-column elementor-col-33 elementor-inner-column elementor-element elementor-element-8fe90a9\" data-id=\"8fe90a9\" data-element_type=\"column\">\n\t\t\t<div class=\"elementor-widget-wrap elementor-element-populated\">\n\t\t\t\t\t\t<div class=\"elementor-element elementor-element-6baf0ea elementor-widget elementor-widget-video\" data-id=\"6baf0ea\" data-element_type=\"widget\" data-settings=\"{&quot;youtube_url&quot;:&quot;https:\\\/\\\/www.youtube.com\\\/watch?v=TG0_Uh0nLW4&quot;,&quot;video_type&quot;:&quot;youtube&quot;,&quot;controls&quot;:&quot;yes&quot;}\" data-widget_type=\"video.default\">\n\t\t\t\t<div class=\"elementor-widget-container\">\n\t\t\t\t\t\t\t<div class=\"elementor-wrapper elementor-open-inline\">\n\t\t\t<div class=\"elementor-video\"><\/div>\t\t<\/div>\n\t\t\t\t\t\t<\/div>\n\t\t\t\t<\/div>\n\t\t\t\t<div class=\"elementor-element elementor-element-ad27ee9 elementor-widget elementor-widget-text-editor\" data-id=\"ad27ee9\" data-element_type=\"widget\" data-widget_type=\"text-editor.default\">\n\t\t\t\t<div class=\"elementor-widget-container\">\n\t\t\t\t\t\t\t\t\t<p><strong>ATEL Winter Conference<\/strong><strong style=\"color: var( --e-global-color-text )\"> <\/strong><\/p>\t\t\t\t\t\t\t\t<\/div>\n\t\t\t\t<\/div>\n\t\t\t\t<div class=\"elementor-element elementor-element-3f9f064 elementor-widget elementor-widget-text-editor\" data-id=\"3f9f064\" data-element_type=\"widget\" data-widget_type=\"text-editor.default\">\n\t\t\t\t<div class=\"elementor-widget-container\">\n\t\t\t\t\t\t\t\t\t<p><span style=\"color: var( --e-global-color-text )\">Regardez toutes les vid\u00e9os de la conf\u00e9rence <\/span><a href=\"https:\/\/www.atel.lu\/winterconference2022report\" target=\"_blank\" rel=\"noopener\">ici.<\/a><\/p>\t\t\t\t\t\t\t\t<\/div>\n\t\t\t\t<\/div>\n\t\t\t\t\t<\/div>\n\t\t<\/div>\n\t\t\t\t<div class=\"elementor-column elementor-col-33 elementor-inner-column elementor-element elementor-element-2ad6cee\" data-id=\"2ad6cee\" data-element_type=\"column\">\n\t\t\t<div class=\"elementor-widget-wrap\">\n\t\t\t\t\t\t\t<\/div>\n\t\t<\/div>\n\t\t\t\t\t<\/div>\n\t\t<\/section>\n\t\t\t\t<div class=\"elementor-element elementor-element-081f72e elementor-widget elementor-widget-heading\" data-id=\"081f72e\" data-element_type=\"widget\" data-widget_type=\"heading.default\">\n\t\t\t\t<div class=\"elementor-widget-container\">\n\t\t\t\t\t<h2 class=\"elementor-heading-title elementor-size-default\">Presse<\/h2>\t\t\t\t<\/div>\n\t\t\t\t<\/div>\n\t\t\t\t<section class=\"elementor-section elementor-inner-section elementor-element elementor-element-943770a elementor-section-boxed elementor-section-height-default elementor-section-height-default\" data-id=\"943770a\" data-element_type=\"section\">\n\t\t\t\t\t\t<div class=\"elementor-container elementor-column-gap-default\">\n\t\t\t\t\t<div class=\"elementor-column elementor-col-33 elementor-inner-column elementor-element elementor-element-ef0d274\" data-id=\"ef0d274\" data-element_type=\"column\">\n\t\t\t<div class=\"elementor-widget-wrap elementor-element-populated\">\n\t\t\t\t\t\t<div class=\"elementor-element elementor-element-6b5086f elementor-widget elementor-widget-image\" data-id=\"6b5086f\" data-element_type=\"widget\" data-widget_type=\"image.default\">\n\t\t\t\t<div class=\"elementor-widget-container\">\n\t\t\t\t\t\t\t\t\t\t\t\t\t\t\t\t<a href=\"http:\/\/aividens.com\/wp-content\/uploads\/2023\/02\/ATEL_TREASURER-mag_AiVidens-Article-Innovation-at-the-heart-of-treasury-artificial-intelligence-within-everyones-reach-scaled.jpg\" data-elementor-open-lightbox=\"yes\" data-elementor-lightbox-title=\"ATEL_TREASURER-mag_AiVidens Article - Innovation at the heart of treasury - artificial intelligence within everyones reach\" data-e-action-hash=\"#elementor-action%3Aaction%3Dlightbox%26settings%3DeyJpZCI6MjA3MCwidXJsIjoiaHR0cHM6XC9cL2FpdmlkZW5zLmNvbVwvd3AtY29udGVudFwvdXBsb2Fkc1wvMjAyM1wvMDJcL0FURUxfVFJFQVNVUkVSLW1hZ19BaVZpZGVucy1BcnRpY2xlLUlubm92YXRpb24tYXQtdGhlLWhlYXJ0LW9mLXRyZWFzdXJ5LWFydGlmaWNpYWwtaW50ZWxsaWdlbmNlLXdpdGhpbi1ldmVyeW9uZXMtcmVhY2gtc2NhbGVkLmpwZyJ9\">\n\t\t\t\t\t\t\t<img decoding=\"async\" width=\"768\" height=\"543\" src=\"https:\/\/aividens.com\/wp-content\/uploads\/2023\/02\/ATEL_TREASURER-mag_AiVidens-Article-Innovation-at-the-heart-of-treasury-artificial-intelligence-within-everyones-reach-768x543.jpg\" class=\"attachment-medium_large size-medium_large wp-image-2070\" alt=\"\" srcset=\"https:\/\/aividens.com\/wp-content\/uploads\/2023\/02\/ATEL_TREASURER-mag_AiVidens-Article-Innovation-at-the-heart-of-treasury-artificial-intelligence-within-everyones-reach-768x543.jpg 768w, https:\/\/aividens.com\/wp-content\/uploads\/2023\/02\/ATEL_TREASURER-mag_AiVidens-Article-Innovation-at-the-heart-of-treasury-artificial-intelligence-within-everyones-reach-300x212.jpg 300w, https:\/\/aividens.com\/wp-content\/uploads\/2023\/02\/ATEL_TREASURER-mag_AiVidens-Article-Innovation-at-the-heart-of-treasury-artificial-intelligence-within-everyones-reach-1024x724.jpg 1024w, https:\/\/aividens.com\/wp-content\/uploads\/2023\/02\/ATEL_TREASURER-mag_AiVidens-Article-Innovation-at-the-heart-of-treasury-artificial-intelligence-within-everyones-reach-1536x1086.jpg 1536w, https:\/\/aividens.com\/wp-content\/uploads\/2023\/02\/ATEL_TREASURER-mag_AiVidens-Article-Innovation-at-the-heart-of-treasury-artificial-intelligence-within-everyones-reach-2048x1448.jpg 2048w\" sizes=\"(max-width: 768px) 100vw, 768px\" title=\"\">\t\t\t\t\t\t\t\t<\/a>\n\t\t\t\t\t\t\t\t\t\t\t\t\t\t\t<\/div>\n\t\t\t\t<\/div>\n\t\t\t\t<div class=\"elementor-element elementor-element-c4c8428 elementor-widget elementor-widget-text-editor\" data-id=\"c4c8428\" data-element_type=\"widget\" data-widget_type=\"text-editor.default\">\n\t\t\t\t<div class=\"elementor-widget-container\">\n\t\t\t\t\t\t\t\t\t<p><strong>The Corporate Treasurer\u2019s Community Magazine n\u00b0109<\/strong><\/p>\n<p>Lisez l&rsquo;article d&rsquo;Edouard Beauvois, Co-fondateur d&rsquo;AiVidens, dans le dernier num\u00e9ro du magazine The Corporate Treasurer&rsquo;s Community : \u201cInnovation at the heart of treasury: Artificial intelligence within everyone\u2019s reach?\u00a0\u00bb (en anglais seulement).<\/p>\n\t\t\t\t\t\t\t\t<\/div>\n\t\t\t\t<\/div>\n\t\t\t\t\t<\/div>\n\t\t<\/div>\n\t\t\t\t<div class=\"elementor-column elementor-col-33 elementor-inner-column elementor-element elementor-element-598d677\" data-id=\"598d677\" data-element_type=\"column\">\n\t\t\t<div class=\"elementor-widget-wrap\">\n\t\t\t\t\t\t\t<\/div>\n\t\t<\/div>\n\t\t\t\t<div class=\"elementor-column elementor-col-33 elementor-inner-column elementor-element elementor-element-ba1f496\" data-id=\"ba1f496\" data-element_type=\"column\">\n\t\t\t<div class=\"elementor-widget-wrap\">\n\t\t\t\t\t\t\t<\/div>\n\t\t<\/div>\n\t\t\t\t\t<\/div>\n\t\t<\/section>\n\t\t\t\t\t<\/div>\n\t\t<\/div>\n\t\t\t\t\t<\/div>\n\t\t<\/section>\n\t\t\t\t<section class=\"elementor-section elementor-top-section elementor-element elementor-element-1598342 elementor-section-full_width elementor-section-height-default elementor-section-height-default\" data-id=\"1598342\" data-element_type=\"section\" data-settings=\"{&quot;background_background&quot;:&quot;classic&quot;}\">\n\t\t\t\t\t\t<div class=\"elementor-container elementor-column-gap-default\">\n\t\t\t\t\t<div class=\"elementor-column elementor-col-33 elementor-top-column elementor-element elementor-element-0dbb488 elementor-hidden-tablet elementor-hidden-mobile\" data-id=\"0dbb488\" data-element_type=\"column\">\n\t\t\t<div class=\"elementor-widget-wrap\">\n\t\t\t\t\t\t\t<\/div>\n\t\t<\/div>\n\t\t\t\t<div class=\"elementor-column elementor-col-33 elementor-top-column elementor-element elementor-element-3f25124\" data-id=\"3f25124\" data-element_type=\"column\">\n\t\t\t<div class=\"elementor-widget-wrap elementor-element-populated\">\n\t\t\t\t\t\t<div class=\"elementor-element elementor-element-cb7e5bf elementor-align-center elementor-mobile-align-center elementor-widget elementor-widget-button\" data-id=\"cb7e5bf\" data-element_type=\"widget\" data-widget_type=\"button.default\">\n\t\t\t\t<div class=\"elementor-widget-container\">\n\t\t\t\t\t\t\t\t\t<div class=\"elementor-button-wrapper\">\n\t\t\t\t\t<a class=\"elementor-button elementor-button-link elementor-size-md\" href=\"https:\/\/aividens.com\/fr\/brochure\/\">\n\t\t\t\t\t\t<span class=\"elementor-button-content-wrapper\">\n\t\t\t\t\t\t\t\t\t<span class=\"elementor-button-text\">T\u00e9l\u00e9chargez notre brochure<\/span>\n\t\t\t\t\t<\/span>\n\t\t\t\t\t<\/a>\n\t\t\t\t<\/div>\n\t\t\t\t\t\t\t\t<\/div>\n\t\t\t\t<\/div>\n\t\t\t\t\t<\/div>\n\t\t<\/div>\n\t\t\t\t<div class=\"elementor-column elementor-col-33 elementor-top-column elementor-element elementor-element-8ac12af elementor-hidden-tablet elementor-hidden-mobile\" data-id=\"8ac12af\" data-element_type=\"column\">\n\t\t\t<div class=\"elementor-widget-wrap\">\n\t\t\t\t\t\t\t<\/div>\n\t\t<\/div>\n\t\t\t\t\t<\/div>\n\t\t<\/section>\n\t\t\t\t<\/div>\n\t\t","protected":false},"excerpt":{"rendered":"<p>Actualit\u00e9s Vid\u00e9os L&rsquo;IA dans la gestion des collections Regardez la vid\u00e9o et l&rsquo;article (uniquement disponible en fran\u00e7ais et n\u00e9erlandais). https:\/\/www.youtube.com\/watch?v=TG0_Uh0nLW4 ATEL Winter Conference Regardez toutes les vid\u00e9os de la conf\u00e9rence ici. Presse The Corporate Treasurer\u2019s Community Magazine n\u00b0109 Lisez l&rsquo;article d&rsquo;Edouard Beauvois, Co-fondateur d&rsquo;AiVidens, dans le dernier num\u00e9ro du magazine The Corporate Treasurer&rsquo;s Community : [&hellip;]<\/p>\n","protected":false},"author":8,"featured_media":0,"parent":0,"menu_order":0,"comment_status":"closed","ping_status":"closed","template":"elementor_header_footer","meta":{"footnotes":""},"class_list":["post-2118","page","type-page","status-publish","hentry"],"_links":{"self":[{"href":"https:\/\/aividens.com\/fr\/wp-json\/wp\/v2\/pages\/2118","targetHints":{"allow":["GET"]}}],"collection":[{"href":"https:\/\/aividens.com\/fr\/wp-json\/wp\/v2\/pages"}],"about":[{"href":"https:\/\/aividens.com\/fr\/wp-json\/wp\/v2\/types\/page"}],"author":[{"embeddable":true,"href":"https:\/\/aividens.com\/fr\/wp-json\/wp\/v2\/users\/8"}],"replies":[{"embeddable":true,"href":"https:\/\/aividens.com\/fr\/wp-json\/wp\/v2\/comments?post=2118"}],"version-history":[{"count":5,"href":"https:\/\/aividens.com\/fr\/wp-json\/wp\/v2\/pages\/2118\/revisions"}],"predecessor-version":[{"id":4546,"href":"https:\/\/aividens.com\/fr\/wp-json\/wp\/v2\/pages\/2118\/revisions\/4546"}],"wp:attachment":[{"href":"https:\/\/aividens.com\/fr\/wp-json\/wp\/v2\/media?parent=2118"}],"curies":[{"name":"wp","href":"https:\/\/api.w.org\/{rel}","templated":true}]}}