{"id":387,"date":"2022-08-17T23:26:33","date_gmt":"2022-08-17T22:26:33","guid":{"rendered":"https:\/\/aividens-new.flywheelsites.com\/questions-frequentes\/"},"modified":"2025-06-12T14:03:57","modified_gmt":"2025-06-12T13:03:57","slug":"faq","status":"publish","type":"page","link":"https:\/\/aividens.com\/fr\/faq\/","title":{"rendered":"FAQ"},"content":{"rendered":"\t\t<div data-elementor-type=\"wp-page\" data-elementor-id=\"387\" class=\"elementor elementor-387 elementor-93\" data-elementor-post-type=\"page\">\n\t\t\t\t\t\t<section class=\"elementor-section elementor-top-section elementor-element elementor-element-4839a2ca elementor-section-boxed elementor-section-height-default elementor-section-height-default\" data-id=\"4839a2ca\" data-element_type=\"section\">\n\t\t\t\t\t\t<div class=\"elementor-container elementor-column-gap-default\">\n\t\t\t\t\t<div class=\"elementor-column elementor-col-100 elementor-top-column elementor-element elementor-element-2281113e\" data-id=\"2281113e\" data-element_type=\"column\" data-settings=\"{&quot;background_background&quot;:&quot;classic&quot;}\">\n\t\t\t<div class=\"elementor-widget-wrap elementor-element-populated\">\n\t\t\t\t\t\t<div class=\"elementor-element elementor-element-35278917 elementor-widget elementor-widget-heading\" data-id=\"35278917\" data-element_type=\"widget\" data-widget_type=\"heading.default\">\n\t\t\t\t<div class=\"elementor-widget-container\">\n\t\t\t\t\t<h1 class=\"elementor-heading-title elementor-size-default\">Questions fr\u00e9quentes<\/h1>\t\t\t\t<\/div>\n\t\t\t\t<\/div>\n\t\t\t\t<div class=\"elementor-element elementor-element-214c3281 elementor-widget elementor-widget-spacer\" data-id=\"214c3281\" data-element_type=\"widget\" data-widget_type=\"spacer.default\">\n\t\t\t\t<div class=\"elementor-widget-container\">\n\t\t\t\t\t\t\t<div class=\"elementor-spacer\">\n\t\t\t<div class=\"elementor-spacer-inner\"><\/div>\n\t\t<\/div>\n\t\t\t\t\t\t<\/div>\n\t\t\t\t<\/div>\n\t\t\t\t<section class=\"elementor-section elementor-inner-section elementor-element elementor-element-531973d9 elementor-section-boxed elementor-section-height-default elementor-section-height-default\" data-id=\"531973d9\" data-element_type=\"section\">\n\t\t\t\t\t\t<div class=\"elementor-container elementor-column-gap-default\">\n\t\t\t\t\t<div class=\"elementor-column elementor-col-100 elementor-inner-column elementor-element elementor-element-52bebf8c\" data-id=\"52bebf8c\" data-element_type=\"column\" data-settings=\"{&quot;background_background&quot;:&quot;classic&quot;}\">\n\t\t\t<div class=\"elementor-widget-wrap elementor-element-populated\">\n\t\t\t\t\t\t<div class=\"elementor-element elementor-element-730001b1 elementor-widget elementor-widget-toggle\" data-id=\"730001b1\" data-element_type=\"widget\" data-widget_type=\"toggle.default\">\n\t\t\t\t<div class=\"elementor-widget-container\">\n\t\t\t\t\t\t\t<div class=\"elementor-toggle\">\n\t\t\t\t\t\t\t<div class=\"elementor-toggle-item\">\n\t\t\t\t\t<div id=\"elementor-tab-title-1921\" class=\"elementor-tab-title\" data-tab=\"1\" role=\"button\" aria-controls=\"elementor-tab-content-1921\" aria-expanded=\"false\">\n\t\t\t\t\t\t\t\t\t\t\t\t<span class=\"elementor-toggle-icon elementor-toggle-icon-right\" aria-hidden=\"true\">\n\t\t\t\t\t\t\t\t\t\t\t\t\t\t\t<span class=\"elementor-toggle-icon-closed\"><i class=\"fas fa-caret-right\"><\/i><\/span>\n\t\t\t\t\t\t\t\t<span class=\"elementor-toggle-icon-opened\"><i class=\"elementor-toggle-icon-opened fas fa-caret-up\"><\/i><\/span>\n\t\t\t\t\t\t\t\t\t\t\t\t\t<\/span>\n\t\t\t\t\t\t\t\t\t\t\t\t<a class=\"elementor-toggle-title\" tabindex=\"0\">Quels sont les avantages de l'IA appliqu\u00e9e \u00e0 la finance ?<\/a>\n\t\t\t\t\t<\/div>\n\n\t\t\t\t\t<div id=\"elementor-tab-content-1921\" class=\"elementor-tab-content elementor-clearfix\" data-tab=\"1\" role=\"region\" aria-labelledby=\"elementor-tab-title-1921\"><p>L\u2019IA aide entre autres \u00e0 anticiper les probl\u00e8mes de paiement. Court terme elle va permettre de d\u00e9terminer quand un client va payer ses factures. \u00c0 moyen terme, elle permet de segmenter le portefeuille de cr\u00e9ances selon diff\u00e9rentes typologies de risque et de comportement de paiement.<\/p>\n<p>Gr\u00e2ce \u00e0 ses insights, vous pouvez non seulement comprendre la sant\u00e9 de votre portefeuille de cr\u00e9ances, en voir l\u2019\u00e9volution \u00e0 travers le temps et \u00e9galement prendre les mesures n\u00e9cessaires suffisamment t\u00f4t, de fa\u00e7on structur\u00e9e et en g\u00e9rant les priorit\u00e9s ainsi que les efforts des collaborateurs.<\/p>\n<\/div>\n\t\t\t\t<\/div>\n\t\t\t\t\t\t\t<div class=\"elementor-toggle-item\">\n\t\t\t\t\t<div id=\"elementor-tab-title-1922\" class=\"elementor-tab-title\" data-tab=\"2\" role=\"button\" aria-controls=\"elementor-tab-content-1922\" aria-expanded=\"false\">\n\t\t\t\t\t\t\t\t\t\t\t\t<span class=\"elementor-toggle-icon elementor-toggle-icon-right\" aria-hidden=\"true\">\n\t\t\t\t\t\t\t\t\t\t\t\t\t\t\t<span class=\"elementor-toggle-icon-closed\"><i class=\"fas fa-caret-right\"><\/i><\/span>\n\t\t\t\t\t\t\t\t<span class=\"elementor-toggle-icon-opened\"><i class=\"elementor-toggle-icon-opened fas fa-caret-up\"><\/i><\/span>\n\t\t\t\t\t\t\t\t\t\t\t\t\t<\/span>\n\t\t\t\t\t\t\t\t\t\t\t\t<a class=\"elementor-toggle-title\" tabindex=\"0\">Comment est-ce que l'IA peut am\u00e9liorer mes pr\u00e9visions de tr\u00e9sorerie ?<\/a>\n\t\t\t\t\t<\/div>\n\n\t\t\t\t\t<div id=\"elementor-tab-content-1922\" class=\"elementor-tab-content elementor-clearfix\" data-tab=\"2\" role=\"region\" aria-labelledby=\"elementor-tab-title-1922\"><p>L\u2019IA va permettre de d\u00e9terminer si une facture va \u00eatre pay\u00e9e, dans quel intervalle de temps, voire quand. Selon les donn\u00e9es disponibles, l\u2019IA permet donc de pr\u00e9dire quand une facture sera pay\u00e9e. En regroupant ses pr\u00e9dictions et leur probabilit\u00e9, nous constituons un cash forecast pr\u00e9dictif. Celui-ci est plus fin que le cash forecast classique reposant sur les dates d\u2019\u00e9ch\u00e9ances \u00e9tant donn\u00e9 qu\u2019il tient directement compte des comportement clients. <\/p>\n<\/div>\n\t\t\t\t<\/div>\n\t\t\t\t\t\t\t<div class=\"elementor-toggle-item\">\n\t\t\t\t\t<div id=\"elementor-tab-title-1923\" class=\"elementor-tab-title\" data-tab=\"3\" role=\"button\" aria-controls=\"elementor-tab-content-1923\" aria-expanded=\"false\">\n\t\t\t\t\t\t\t\t\t\t\t\t<span class=\"elementor-toggle-icon elementor-toggle-icon-right\" aria-hidden=\"true\">\n\t\t\t\t\t\t\t\t\t\t\t\t\t\t\t<span class=\"elementor-toggle-icon-closed\"><i class=\"fas fa-caret-right\"><\/i><\/span>\n\t\t\t\t\t\t\t\t<span class=\"elementor-toggle-icon-opened\"><i class=\"elementor-toggle-icon-opened fas fa-caret-up\"><\/i><\/span>\n\t\t\t\t\t\t\t\t\t\t\t\t\t<\/span>\n\t\t\t\t\t\t\t\t\t\t\t\t<a class=\"elementor-toggle-title\" tabindex=\"0\">J'aimerais mettre en \u0153uvre la solution pour la partie pr\u00e9dictive ou ex\u00e9cutive exclusivement, est-ce possible ? <\/a>\n\t\t\t\t\t<\/div>\n\n\t\t\t\t\t<div id=\"elementor-tab-content-1923\" class=\"elementor-tab-content elementor-clearfix\" data-tab=\"3\" role=\"region\" aria-labelledby=\"elementor-tab-title-1923\"><p>Notre solution s\u2019articule autour de 2 sc\u00e9narios distincts r\u00e9pondant \u00e0 des besoins diff\u00e9rents. Si vous disposez d\u00e9j\u00e0 de votre solution de recouvrement que vous souhaitez garder tout en optimisant le travail de vos collaborateurs, nous pouvons installer notre solution sans venir perturber vos processus existants. Vous b\u00e9n\u00e9ficierez alors d\u2019outils compl\u00e9mentaires apportant les insights n\u00e9cessaires \u00e0 l\u2019am\u00e9lioration du recouvrement existant. Si vous n\u2019avez pas encore de solution de recouvrement ou vous souhaitez en changer, nous vous offrons alors une solution compl\u00e8te, incluant l\u2019ensemble des fonctionnalit\u00e9s de recouvrement n\u00e9cessaires.<\/p>\n<\/div>\n\t\t\t\t<\/div>\n\t\t\t\t\t\t\t<div class=\"elementor-toggle-item\">\n\t\t\t\t\t<div id=\"elementor-tab-title-1924\" class=\"elementor-tab-title\" data-tab=\"4\" role=\"button\" aria-controls=\"elementor-tab-content-1924\" aria-expanded=\"false\">\n\t\t\t\t\t\t\t\t\t\t\t\t<span class=\"elementor-toggle-icon elementor-toggle-icon-right\" aria-hidden=\"true\">\n\t\t\t\t\t\t\t\t\t\t\t\t\t\t\t<span class=\"elementor-toggle-icon-closed\"><i class=\"fas fa-caret-right\"><\/i><\/span>\n\t\t\t\t\t\t\t\t<span class=\"elementor-toggle-icon-opened\"><i class=\"elementor-toggle-icon-opened fas fa-caret-up\"><\/i><\/span>\n\t\t\t\t\t\t\t\t\t\t\t\t\t<\/span>\n\t\t\t\t\t\t\t\t\t\t\t\t<a class=\"elementor-toggle-title\" tabindex=\"0\">Mon syst\u00e8me actuel ne fonctionne pas avec SAP. La solution AiVidens est-elle compatible avec d'autres ERP \/ int\u00e9grations ? <\/a>\n\t\t\t\t\t<\/div>\n\n\t\t\t\t\t<div id=\"elementor-tab-content-1924\" class=\"elementor-tab-content elementor-clearfix\" data-tab=\"4\" role=\"region\" aria-labelledby=\"elementor-tab-title-1924\"><p>Gr\u00e2ce \u00e0 son connecteur universel, notre solution solution peut recevoir les donn\u00e9es de n\u2019importe quel ERP parmi lesquels nous pouvons citer SAP, Netsuite, Netika, Unit4 ou Sage par exemple.<\/p>\n<\/div>\n\t\t\t\t<\/div>\n\t\t\t\t\t\t\t<div class=\"elementor-toggle-item\">\n\t\t\t\t\t<div id=\"elementor-tab-title-1925\" class=\"elementor-tab-title\" data-tab=\"5\" role=\"button\" aria-controls=\"elementor-tab-content-1925\" aria-expanded=\"false\">\n\t\t\t\t\t\t\t\t\t\t\t\t<span class=\"elementor-toggle-icon elementor-toggle-icon-right\" aria-hidden=\"true\">\n\t\t\t\t\t\t\t\t\t\t\t\t\t\t\t<span class=\"elementor-toggle-icon-closed\"><i class=\"fas fa-caret-right\"><\/i><\/span>\n\t\t\t\t\t\t\t\t<span class=\"elementor-toggle-icon-opened\"><i class=\"elementor-toggle-icon-opened fas fa-caret-up\"><\/i><\/span>\n\t\t\t\t\t\t\t\t\t\t\t\t\t<\/span>\n\t\t\t\t\t\t\t\t\t\t\t\t<a class=\"elementor-toggle-title\" tabindex=\"0\">Quelle est la difficult\u00e9 de la mise en \u0153uvre de la solution dans mon organisation et quels sont les d\u00e9lais ? <\/a>\n\t\t\t\t\t<\/div>\n\n\t\t\t\t\t<div id=\"elementor-tab-content-1925\" class=\"elementor-tab-content elementor-clearfix\" data-tab=\"5\" role=\"region\" aria-labelledby=\"elementor-tab-title-1925\"><p><span style=\"font-weight: 400;\">Gr\u00e2ce \u00e0 notre solution pr\u00e9 param\u00e9tr\u00e9e ainsi qu\u2019\u00e0 notre connecteur universel d\u00e9j\u00e0 adapt\u00e9 \u00e0 des solutions telles que SAP, Sage, Netsuite, Netika ou encore Unit4, l\u2019impl\u00e9mentation de notre solution est grandement facilit\u00e9e et s\u2019\u00e9talera sur un lapse de temps de 3 mois en moyenne. C\u2019est le temps n\u00e9cessaire pour pr\u00e9parer les donn\u00e9es, configurer la solution selon vos besoins, et la tester. Ce laps de temps sera \u00e9videmment adapt\u00e9 selon votre contexte. <\/span><\/p>\n<\/div>\n\t\t\t\t<\/div>\n\t\t\t\t\t\t\t<div class=\"elementor-toggle-item\">\n\t\t\t\t\t<div id=\"elementor-tab-title-1926\" class=\"elementor-tab-title\" data-tab=\"6\" role=\"button\" aria-controls=\"elementor-tab-content-1926\" aria-expanded=\"false\">\n\t\t\t\t\t\t\t\t\t\t\t\t<span class=\"elementor-toggle-icon elementor-toggle-icon-right\" aria-hidden=\"true\">\n\t\t\t\t\t\t\t\t\t\t\t\t\t\t\t<span class=\"elementor-toggle-icon-closed\"><i class=\"fas fa-caret-right\"><\/i><\/span>\n\t\t\t\t\t\t\t\t<span class=\"elementor-toggle-icon-opened\"><i class=\"elementor-toggle-icon-opened fas fa-caret-up\"><\/i><\/span>\n\t\t\t\t\t\t\t\t\t\t\t\t\t<\/span>\n\t\t\t\t\t\t\t\t\t\t\t\t<a class=\"elementor-toggle-title\" tabindex=\"0\">Quel type de donn\u00e9es sera collect\u00e9 et combien de dossiers sont n\u00e9cessaires pour segmenter le portfolio de mes clients ? <\/a>\n\t\t\t\t\t<\/div>\n\n\t\t\t\t\t<div id=\"elementor-tab-content-1926\" class=\"elementor-tab-content elementor-clearfix\" data-tab=\"6\" role=\"region\" aria-labelledby=\"elementor-tab-title-1926\"><p><span style=\"font-weight: 400;\">Nous travaillons avec diff\u00e9rentes sources de donn\u00e9es provenant de votre ERP ainsi que de sources externes telles que CreditSafe par exemple. Parmi les donn\u00e9es trait\u00e9es par l\u2019application, il y a \u00e9videmment les factures, notes de cr\u00e9dits, paiements mais aussi les historiques de relance et\/ou de recouvrement selon les donn\u00e9es \u00e0 votre disposition. Nous pouvons \u00e9galement int\u00e9grer les diff\u00e9rents indicateurs financiers provenant de diff\u00e9rents fournisseurs.<\/span><\/p>\n<\/div>\n\t\t\t\t<\/div>\n\t\t\t\t\t\t\t<div class=\"elementor-toggle-item\">\n\t\t\t\t\t<div id=\"elementor-tab-title-1927\" class=\"elementor-tab-title\" data-tab=\"7\" role=\"button\" aria-controls=\"elementor-tab-content-1927\" aria-expanded=\"false\">\n\t\t\t\t\t\t\t\t\t\t\t\t<span class=\"elementor-toggle-icon elementor-toggle-icon-right\" aria-hidden=\"true\">\n\t\t\t\t\t\t\t\t\t\t\t\t\t\t\t<span class=\"elementor-toggle-icon-closed\"><i class=\"fas fa-caret-right\"><\/i><\/span>\n\t\t\t\t\t\t\t\t<span class=\"elementor-toggle-icon-opened\"><i class=\"elementor-toggle-icon-opened fas fa-caret-up\"><\/i><\/span>\n\t\t\t\t\t\t\t\t\t\t\t\t\t<\/span>\n\t\t\t\t\t\t\t\t\t\t\t\t<a class=\"elementor-toggle-title\" tabindex=\"0\"> Quels sont les r\u00e9sultats que je peux attendre \u00e0 court terme, \u00e0 moyen terme et \u00e0 long terme ?<\/a>\n\t\t\t\t\t<\/div>\n\n\t\t\t\t\t<div id=\"elementor-tab-content-1927\" class=\"elementor-tab-content elementor-clearfix\" data-tab=\"7\" role=\"region\" aria-labelledby=\"elementor-tab-title-1927\"><p><span style=\"font-weight: 400;\">Les impacts de la solution sur le business sont imm\u00e9diats. En effet, \u00e9tant donn\u00e9 que nous travaillons sur base d\u2019un historique de 3 \u00e0 5 ann\u00e9es de donn\u00e9es, nous reconstituons 12 mois d\u2019insights client. Vous pouvez d\u00e8s lors directement b\u00e9n\u00e9ficier de l\u2019ensemble des fonctionnalit\u00e9s de la solution. <\/span><\/p>\n<p><span style=\"font-weight: 400;\">\u00c0 moyen et long terme, vous pouvez vous attendre \u00e0 une r\u00e9duction de 30% des factures impay\u00e9es et \u00e0 une am\u00e9lioration de 20% de votre efficacit\u00e9 op\u00e9rationnelle. Certains de nos clients ont r\u00e9duit de 50% les co\u00fbts de leur \u00e9quipe de comptabilit\u00e9. <\/span><\/p>\n<p><span style=\"font-weight: 400;\">En ce qui concerne le business case, nous serons heureux \u00e9videmment de pouvoir vous aider \u00e0 le construire. Nos clients en t\u00e9moignent, vous pourrez d\u00e9j\u00e0 am\u00e9liorer votre efficacit\u00e9 op\u00e9rationnelle de 20 \u00e0 50%.<\/span><\/p>\n<\/div>\n\t\t\t\t<\/div>\n\t\t\t\t\t\t\t<div class=\"elementor-toggle-item\">\n\t\t\t\t\t<div id=\"elementor-tab-title-1928\" class=\"elementor-tab-title\" data-tab=\"8\" role=\"button\" aria-controls=\"elementor-tab-content-1928\" aria-expanded=\"false\">\n\t\t\t\t\t\t\t\t\t\t\t\t<span class=\"elementor-toggle-icon elementor-toggle-icon-right\" aria-hidden=\"true\">\n\t\t\t\t\t\t\t\t\t\t\t\t\t\t\t<span class=\"elementor-toggle-icon-closed\"><i class=\"fas fa-caret-right\"><\/i><\/span>\n\t\t\t\t\t\t\t\t<span class=\"elementor-toggle-icon-opened\"><i class=\"elementor-toggle-icon-opened fas fa-caret-up\"><\/i><\/span>\n\t\t\t\t\t\t\t\t\t\t\t\t\t<\/span>\n\t\t\t\t\t\t\t\t\t\t\t\t<a class=\"elementor-toggle-title\" tabindex=\"0\">Je ne souhaite pas que l'IA remplace mes \u00e9quipes de recouvrement existantes. Comment la solution est-elle compatible avec les ETP existantes ?<\/a>\n\t\t\t\t\t<\/div>\n\n\t\t\t\t\t<div id=\"elementor-tab-content-1928\" class=\"elementor-tab-content elementor-clearfix\" data-tab=\"8\" role=\"region\" aria-labelledby=\"elementor-tab-title-1928\"><p><span style=\"font-weight: 400;\">L\u2019AI n\u2019a pas pour objectif de remplacer l\u2019utilisateur mais de l\u2019aider. Dans le cadre de notre solution, l\u2019AI d\u00e9tecte les probl\u00e8mes de paiement avant qu\u2019ils ne surviennent et fournit un ensemble d\u2019insights clients li\u00e9s \u00e0 ses comportements de paiement entre autres afin de permettre \u00e0 l\u2019utilisateur de mieux d\u00e9terminer les actions \u00e0 prendre.<\/span><\/p>\n<\/div>\n\t\t\t\t<\/div>\n\t\t\t\t\t\t\t<div class=\"elementor-toggle-item\">\n\t\t\t\t\t<div id=\"elementor-tab-title-1929\" class=\"elementor-tab-title\" data-tab=\"9\" role=\"button\" aria-controls=\"elementor-tab-content-1929\" aria-expanded=\"false\">\n\t\t\t\t\t\t\t\t\t\t\t\t<span class=\"elementor-toggle-icon elementor-toggle-icon-right\" aria-hidden=\"true\">\n\t\t\t\t\t\t\t\t\t\t\t\t\t\t\t<span class=\"elementor-toggle-icon-closed\"><i class=\"fas fa-caret-right\"><\/i><\/span>\n\t\t\t\t\t\t\t\t<span class=\"elementor-toggle-icon-opened\"><i class=\"elementor-toggle-icon-opened fas fa-caret-up\"><\/i><\/span>\n\t\t\t\t\t\t\t\t\t\t\t\t\t<\/span>\n\t\t\t\t\t\t\t\t\t\t\t\t<a class=\"elementor-toggle-title\" tabindex=\"0\">A quelles industries et quels march\u00e9s la solution d'AiVidens est-elle applicable ?<\/a>\n\t\t\t\t\t<\/div>\n\n\t\t\t\t\t<div id=\"elementor-tab-content-1929\" class=\"elementor-tab-content elementor-clearfix\" data-tab=\"9\" role=\"region\" aria-labelledby=\"elementor-tab-title-1929\"><p><span style=\"font-weight: 400;\">Notre solution est applicable \u00e0 toutes les industries. Cependant, pour une utilisation optimale, nous recommandons d&rsquo;avoir au moins quelques centaines de clients r\u00e9currents B2B ou B2C.<\/span><\/p>\n<\/div>\n\t\t\t\t<\/div>\n\t\t\t\t\t\t\t\t<\/div>\n\t\t\t\t\t\t<\/div>\n\t\t\t\t<\/div>\n\t\t\t\t\t<\/div>\n\t\t<\/div>\n\t\t\t\t\t<\/div>\n\t\t<\/section>\n\t\t\t\t\t<\/div>\n\t\t<\/div>\n\t\t\t\t\t<\/div>\n\t\t<\/section>\n\t\t\t\t<section class=\"elementor-section elementor-top-section elementor-element elementor-element-3fc1b8a elementor-section-full_width elementor-section-height-default elementor-section-height-default\" data-id=\"3fc1b8a\" data-element_type=\"section\" data-settings=\"{&quot;background_background&quot;:&quot;classic&quot;}\">\n\t\t\t\t\t\t<div class=\"elementor-container elementor-column-gap-default\">\n\t\t\t\t\t<div class=\"elementor-column elementor-col-33 elementor-top-column elementor-element elementor-element-a905ea4 elementor-hidden-tablet elementor-hidden-mobile\" data-id=\"a905ea4\" data-element_type=\"column\">\n\t\t\t<div class=\"elementor-widget-wrap\">\n\t\t\t\t\t\t\t<\/div>\n\t\t<\/div>\n\t\t\t\t<div class=\"elementor-column elementor-col-33 elementor-top-column elementor-element elementor-element-4a96d3b\" data-id=\"4a96d3b\" data-element_type=\"column\">\n\t\t\t<div class=\"elementor-widget-wrap elementor-element-populated\">\n\t\t\t\t\t\t<div class=\"elementor-element elementor-element-9f4236f elementor-align-center elementor-mobile-align-center elementor-widget elementor-widget-button\" data-id=\"9f4236f\" data-element_type=\"widget\" data-widget_type=\"button.default\">\n\t\t\t\t<div class=\"elementor-widget-container\">\n\t\t\t\t\t\t\t\t\t<div class=\"elementor-button-wrapper\">\n\t\t\t\t\t<a class=\"elementor-button elementor-button-link elementor-size-md\" href=\"https:\/\/aividens.com\/fr\/brochure\/\">\n\t\t\t\t\t\t<span class=\"elementor-button-content-wrapper\">\n\t\t\t\t\t\t\t\t\t<span class=\"elementor-button-text\">T\u00e9l\u00e9chargez notre brochure<\/span>\n\t\t\t\t\t<\/span>\n\t\t\t\t\t<\/a>\n\t\t\t\t<\/div>\n\t\t\t\t\t\t\t\t<\/div>\n\t\t\t\t<\/div>\n\t\t\t\t\t<\/div>\n\t\t<\/div>\n\t\t\t\t<div class=\"elementor-column elementor-col-33 elementor-top-column elementor-element elementor-element-8a801eb elementor-hidden-tablet elementor-hidden-mobile\" data-id=\"8a801eb\" data-element_type=\"column\">\n\t\t\t<div class=\"elementor-widget-wrap\">\n\t\t\t\t\t\t\t<\/div>\n\t\t<\/div>\n\t\t\t\t\t<\/div>\n\t\t<\/section>\n\t\t\t\t<\/div>\n\t\t","protected":false},"excerpt":{"rendered":"<p>Questions fr\u00e9quentes Quels sont les avantages de l&rsquo;IA appliqu\u00e9e \u00e0 la finance ? L\u2019IA aide entre autres \u00e0 anticiper les probl\u00e8mes de paiement. Court terme elle va permettre de d\u00e9terminer quand un client va payer ses factures. \u00c0 moyen terme, elle permet de segmenter le portefeuille de cr\u00e9ances selon diff\u00e9rentes typologies de risque et de [&hellip;]<\/p>\n","protected":false},"author":8,"featured_media":0,"parent":0,"menu_order":0,"comment_status":"closed","ping_status":"closed","template":"elementor_header_footer","meta":{"footnotes":""},"class_list":["post-387","page","type-page","status-publish","hentry"],"_links":{"self":[{"href":"https:\/\/aividens.com\/fr\/wp-json\/wp\/v2\/pages\/387","targetHints":{"allow":["GET"]}}],"collection":[{"href":"https:\/\/aividens.com\/fr\/wp-json\/wp\/v2\/pages"}],"about":[{"href":"https:\/\/aividens.com\/fr\/wp-json\/wp\/v2\/types\/page"}],"author":[{"embeddable":true,"href":"https:\/\/aividens.com\/fr\/wp-json\/wp\/v2\/users\/8"}],"replies":[{"embeddable":true,"href":"https:\/\/aividens.com\/fr\/wp-json\/wp\/v2\/comments?post=387"}],"version-history":[{"count":2,"href":"https:\/\/aividens.com\/fr\/wp-json\/wp\/v2\/pages\/387\/revisions"}],"predecessor-version":[{"id":4544,"href":"https:\/\/aividens.com\/fr\/wp-json\/wp\/v2\/pages\/387\/revisions\/4544"}],"wp:attachment":[{"href":"https:\/\/aividens.com\/fr\/wp-json\/wp\/v2\/media?parent=387"}],"curies":[{"name":"wp","href":"https:\/\/api.w.org\/{rel}","templated":true}]}}