{"id":427,"date":"2022-08-17T08:23:52","date_gmt":"2022-08-17T08:23:52","guid":{"rendered":"https:\/\/aividens-new.flywheelsites.com\/politique-de-confidentialite\/"},"modified":"2022-09-09T13:40:43","modified_gmt":"2022-09-09T13:40:43","slug":"politique-de-confidentialite","status":"publish","type":"page","link":"https:\/\/aividens.com\/fr\/politique-de-confidentialite\/","title":{"rendered":"Politique de confidentialit\u00e9"},"content":{"rendered":"\t\t<div data-elementor-type=\"wp-page\" data-elementor-id=\"427\" class=\"elementor elementor-427 elementor-3\" data-elementor-post-type=\"page\">\n\t\t\t\t\t\t<section class=\"elementor-section elementor-top-section elementor-element elementor-element-5565460e elementor-section-boxed elementor-section-height-default elementor-section-height-default\" data-id=\"5565460e\" data-element_type=\"section\">\n\t\t\t\t\t\t<div class=\"elementor-container elementor-column-gap-default\">\n\t\t\t\t\t<div class=\"elementor-column elementor-col-100 elementor-top-column elementor-element elementor-element-34ad57cc\" data-id=\"34ad57cc\" data-element_type=\"column\">\n\t\t\t<div class=\"elementor-widget-wrap elementor-element-populated\">\n\t\t\t\t\t\t<div class=\"elementor-element elementor-element-72f3a0db elementor-widget elementor-widget-heading\" data-id=\"72f3a0db\" data-element_type=\"widget\" data-widget_type=\"heading.default\">\n\t\t\t\t<div class=\"elementor-widget-container\">\n\t\t\t\t\t<h1 class=\"elementor-heading-title elementor-size-default\">Politique de confidentialit\u00e9<\/h1>\t\t\t\t<\/div>\n\t\t\t\t<\/div>\n\t\t\t\t<div class=\"elementor-element elementor-element-6c38c7d0 elementor-widget elementor-widget-text-editor\" data-id=\"6c38c7d0\" data-element_type=\"widget\" data-widget_type=\"text-editor.default\">\n\t\t\t\t<div class=\"elementor-widget-container\">\n\t\t\t\t\t\t\t\t\t<h2>Qui nous sommes<\/h2><p>L\u2019adresse de notre site Web est : <a href=\"http:\/\/aividens.com\">http:\/\/aividens.com<\/a>.<\/p><p><span style=\"background-color: var(--nv-site-bg)\">Cette politique de confidentialit\u00e9 expliquera comment notre organisation utilise les donn\u00e9es personnelles que nous recueillons aupr\u00e8s de vous lorsque vous utilisez notre site Web.<\/span><\/p><p><strong>Les sujets:<\/strong><\/p><p>\u2022 Quelles donn\u00e9es collectons-nous ?<\/p><p>\u2022 Comment collectons-nous vos donn\u00e9es ?<\/p><p>\u2022 Comment allons-nous utiliser vos donn\u00e9es ?<\/p><p>\u2022 Commercialisation<\/p><p>\u2022 Quels sont vos droits en mati\u00e8re de protection des donn\u00e9es ?<\/p><p>\u2022 Politiques de confidentialit\u00e9 d\u2019autres sites Web<\/p><p>\u2022 Modifications de notre politique de confidentialit\u00e9<\/p><p>\u2022 Comment nous contacter<\/p><h2>Quelles donn\u00e9es collectons-nous ?<\/h2><p>AiVidens collecte les donn\u00e9es suivantes :<\/p><p>\u2022 Informations d\u2019identification personnelle (nom et adresse e-mail)<\/p><p>\u2022 Informations li\u00e9es \u00e0 vos processus de recouvrement<\/p><p>\u2022 Des informations sur la fa\u00e7on dont vous pensez que les nouvelles technologies peuvent aider \u00e0 am\u00e9liorer les processus actuels<\/p><h2>Comment collectons-nous vos donn\u00e9es ?<\/h2><p>Vous fournissez directement \u00e0 AiVidens toutes les donn\u00e9es que nous collectons.<\/p><p>Nous collectons des donn\u00e9es lorsque vous :<\/p><p>\u2022 R\u00e9pondez volontairement \u00e0 un sondage aupr\u00e8s des clients.<\/p><h2>Comment allons-nous utiliser vos donn\u00e9es ?<\/h2><p>AiVidens collecte vos donn\u00e9es afin que nous puissions :<\/p><p>\u2022 Revenir vers vous \u00e0 des fins de suivi<\/p><p>Si vous \u00eates d\u2019accord, AiVidens partagera vos donn\u00e9es avec nos soci\u00e9t\u00e9s partenaires afin qu\u2019elles puissent vous proposer leurs produits et services.<\/p><p>\u2022 IBM<\/p><h2>Commercialisation<\/h2><p>AiVidens aimerait vous envoyer des informations sur nos produits et services que nous pensons susceptibles de vous plaire.<\/p><p>Si vous avez accept\u00e9 de recevoir du marketing, vous pouvez toujours vous d\u00e9sinscrire \u00e0 une date ult\u00e9rieure.<\/p><p>Vous avez le droit \u00e0 tout moment d\u2019emp\u00eacher AiVidens de vous contacter \u00e0 des fins de marketing.<\/p><p>Si vous ne souhaitez plus \u00eatre contact\u00e9 \u00e0 des fins de marketing, veuillez nous envoyer un e-mail \u00e0 info@aividens.com.<\/p><h2>Quels sont vos droits en mati\u00e8re de protection des donn\u00e9es ?<\/h2><p>AiVidens souhaite s\u2019assurer que vous \u00eates pleinement conscient de tous vos droits en mati\u00e8re de protection des donn\u00e9es. Chaque utilisateur a droit \u00e0 ce qui suit :<\/p><p>Le droit d\u2019acc\u00e8s \u2013 Vous avez le droit de demander \u00e0 AiVidens des copies de vos donn\u00e9es personnelles. Nous pouvons vous facturer une somme modique pour ce service.<\/p><p>Le droit de rectification \u2013 Vous avez le droit de demander \u00e0 AiVidens de corriger toute information que vous jugez inexacte. Vous avez \u00e9galement le droit de demander \u00e0 AiVidens de compl\u00e9ter les informations que vous jugez incompl\u00e8tes.<\/p><p>Le droit \u00e0 l\u2019effacement \u2013 Vous avez le droit de demander \u00e0 AiVidens d\u2019effacer vos donn\u00e9es personnelles, sous certaines conditions.<\/p><p>Le droit de restreindre le traitement \u2013 Vous avez le droit de demander \u00e0 AiVidens de restreindre le traitement de vos donn\u00e9es personnelles, sous certaines conditions.<\/p><p>Le droit de s\u2019opposer au traitement \u2013 Vous avez le droit de vous opposer au traitement de vos donn\u00e9es personnelles par AiVidens, sous certaines conditions.<\/p><p>Le droit \u00e0 la portabilit\u00e9 des donn\u00e9es \u2013 Vous avez le droit de demander \u00e0 AiVidens de transf\u00e9rer les donn\u00e9es que nous avons collect\u00e9es \u00e0 une autre organisation, ou directement \u00e0 vous, sous certaines conditions.<\/p><p>Si vous faites une demande, nous avons un mois pour vous r\u00e9pondre. Si vous souhaitez exercer l\u2019un de ces droits, veuillez nous contacter \u00e0 notre adresse e-mail : info@aividens.com<\/p><h2>Politiques de confidentialit\u00e9 des autres sites Web<\/h2><p>Le site Web d\u2019AiVidens contient des liens vers d\u2019autres sites Web. Notre politique de confidentialit\u00e9 s\u2019applique uniquement \u00e0 notre site Web, donc si vous cliquez sur un lien vers un autre site Web, vous devriez lire leur politique de confidentialit\u00e9.<\/p><h2>Modifications de notre politique de confidentialit\u00e9<\/h2><p>AiVidens r\u00e9vise r\u00e9guli\u00e8rement sa politique de confidentialit\u00e9 et place toutes les mises \u00e0 jour sur cette page Web. Cette politique de confidentialit\u00e9 a \u00e9t\u00e9 mise \u00e0 jour pour la derni\u00e8re fois le 17 f\u00e9vrier 2020.<\/p><h2>Comment nous contacter<\/h2><p>Si vous avez des questions sur la politique de confidentialit\u00e9 d\u2019AiVidens, les donn\u00e9es que nous d\u00e9tenons sur vous, ou si vous souhaitez exercer l\u2019un de vos droits en mati\u00e8re de protection des donn\u00e9es, n\u2019h\u00e9sitez pas \u00e0 nous contacter.<\/p><p>\u00c9crivez-nous \u00e0 : <a href=\"mailto:info@aividens.com\">info@aividens.com<\/a><\/p>\t\t\t\t\t\t\t\t<\/div>\n\t\t\t\t<\/div>\n\t\t\t\t\t<\/div>\n\t\t<\/div>\n\t\t\t\t\t<\/div>\n\t\t<\/section>\n\t\t\t\t<\/div>\n\t\t","protected":false},"excerpt":{"rendered":"<p>Politique de confidentialit\u00e9 Qui nous sommes L\u2019adresse de notre site Web est : http:\/\/aividens.com. Cette politique de confidentialit\u00e9 expliquera comment notre organisation utilise les donn\u00e9es personnelles que nous recueillons aupr\u00e8s de vous lorsque vous utilisez notre site Web. Les sujets: \u2022 Quelles donn\u00e9es collectons-nous ? \u2022 Comment collectons-nous vos donn\u00e9es ? \u2022 Comment allons-nous utiliser [&hellip;]<\/p>\n","protected":false},"author":1,"featured_media":0,"parent":0,"menu_order":0,"comment_status":"closed","ping_status":"open","template":"elementor_header_footer","meta":{"footnotes":""},"class_list":["post-427","page","type-page","status-publish","hentry"],"_links":{"self":[{"href":"https:\/\/aividens.com\/fr\/wp-json\/wp\/v2\/pages\/427","targetHints":{"allow":["GET"]}}],"collection":[{"href":"https:\/\/aividens.com\/fr\/wp-json\/wp\/v2\/pages"}],"about":[{"href":"https:\/\/aividens.com\/fr\/wp-json\/wp\/v2\/types\/page"}],"author":[{"embeddable":true,"href":"https:\/\/aividens.com\/fr\/wp-json\/wp\/v2\/users\/1"}],"replies":[{"embeddable":true,"href":"https:\/\/aividens.com\/fr\/wp-json\/wp\/v2\/comments?post=427"}],"version-history":[{"count":0,"href":"https:\/\/aividens.com\/fr\/wp-json\/wp\/v2\/pages\/427\/revisions"}],"wp:attachment":[{"href":"https:\/\/aividens.com\/fr\/wp-json\/wp\/v2\/media?parent=427"}],"curies":[{"name":"wp","href":"https:\/\/api.w.org\/{rel}","templated":true}]}}