{"id":4434,"date":"2025-05-26T14:49:32","date_gmt":"2025-05-26T13:49:32","guid":{"rendered":"https:\/\/aividens.com\/aividens-la-solution-de-gestion-des-creances-basee-sur-lia\/"},"modified":"2026-03-18T10:10:06","modified_gmt":"2026-03-18T09:10:06","slug":"aividens-la-solution-de-gestion-des-creances-basee-sur-lia","status":"publish","type":"page","link":"https:\/\/aividens.com\/fr\/","title":{"rendered":"AiVidens | La solution de gestion des cr\u00e9ances bas\u00e9e sur l&rsquo;IA"},"content":{"rendered":"\t\t<div data-elementor-type=\"wp-page\" data-elementor-id=\"4434\" class=\"elementor elementor-4434 elementor-4074\" data-elementor-post-type=\"page\">\n\t\t\t\t<div class=\"elementor-element elementor-element-33057aac e-flex e-con-boxed e-con e-parent\" data-id=\"33057aac\" data-element_type=\"container\">\n\t\t\t\t\t<div class=\"e-con-inner\">\n\t\t<div class=\"elementor-element elementor-element-1c3f8452 e-con-full e-flex e-con e-child\" data-id=\"1c3f8452\" data-element_type=\"container\">\n\t\t<div class=\"elementor-element elementor-element-12af5428 e-con-full e-flex e-con e-child\" data-id=\"12af5428\" data-element_type=\"container\">\n\t\t\t\t<div class=\"elementor-element elementor-element-34422104 elementor-widget__width-auto elementor-widget elementor-widget-image\" data-id=\"34422104\" data-element_type=\"widget\" data-widget_type=\"image.default\">\n\t\t\t\t<div class=\"elementor-widget-container\">\n\t\t\t\t\t\t\t\t\t\t\t\t\t\t\t<img fetchpriority=\"high\" decoding=\"async\" width=\"800\" height=\"377\" src=\"https:\/\/aividens.com\/wp-content\/uploads\/2026\/03\/Logo-Aividens-1024x482.png\" class=\"attachment-large size-large wp-image-5015\" alt=\"\" srcset=\"https:\/\/aividens.com\/wp-content\/uploads\/2026\/03\/Logo-Aividens-1024x482.png 1024w, https:\/\/aividens.com\/wp-content\/uploads\/2026\/03\/Logo-Aividens-300x141.png 300w, https:\/\/aividens.com\/wp-content\/uploads\/2026\/03\/Logo-Aividens-768x361.png 768w, https:\/\/aividens.com\/wp-content\/uploads\/2026\/03\/Logo-Aividens.png 1397w\" sizes=\"(max-width: 800px) 100vw, 800px\" title=\"\">\t\t\t\t\t\t\t\t\t\t\t\t\t\t\t<\/div>\n\t\t\t\t<\/div>\n\t\t\t\t<div class=\"elementor-element elementor-element-25e3642b elementor-widget__width-auto elementor-widget elementor-widget-image\" data-id=\"25e3642b\" data-element_type=\"widget\" data-widget_type=\"image.default\">\n\t\t\t\t<div class=\"elementor-widget-container\">\n\t\t\t\t\t\t\t\t\t\t\t\t\t\t\t<img decoding=\"async\" width=\"800\" height=\"233\" src=\"https:\/\/aividens.com\/wp-content\/uploads\/2026\/03\/RecVue_logo-1024x298.png\" class=\"attachment-large size-large wp-image-5018\" alt=\"\" srcset=\"https:\/\/aividens.com\/wp-content\/uploads\/2026\/03\/RecVue_logo-1024x298.png 1024w, https:\/\/aividens.com\/wp-content\/uploads\/2026\/03\/RecVue_logo-300x87.png 300w, https:\/\/aividens.com\/wp-content\/uploads\/2026\/03\/RecVue_logo-768x223.png 768w, https:\/\/aividens.com\/wp-content\/uploads\/2026\/03\/RecVue_logo-1536x447.png 1536w, https:\/\/aividens.com\/wp-content\/uploads\/2026\/03\/RecVue_logo-2048x596.png 2048w\" sizes=\"(max-width: 800px) 100vw, 800px\" title=\"\">\t\t\t\t\t\t\t\t\t\t\t\t\t\t\t<\/div>\n\t\t\t\t<\/div>\n\t\t\t\t<\/div>\n\t\t\t\t<div class=\"elementor-element elementor-element-4149d56c elementor-widget elementor-widget-heading\" data-id=\"4149d56c\" data-element_type=\"widget\" data-widget_type=\"heading.default\">\n\t\t\t\t<div class=\"elementor-widget-container\">\n\t\t\t\t\t<h2 class=\"elementor-heading-title elementor-size-default\"><span style=\"color:#EC257E\">AiVidens fait d\u00e9sormais partie de RecVue<\/span>\n<\/h2>\t\t\t\t<\/div>\n\t\t\t\t<\/div>\n\t\t\t\t<div class=\"elementor-element elementor-element-6ab1b305 elementor-widget__width-initial elementor-widget elementor-widget-text-editor\" data-id=\"6ab1b305\" data-element_type=\"widget\" data-widget_type=\"text-editor.default\">\n\t\t\t\t<div class=\"elementor-widget-container\">\n\t\t\t\t\t\t\t\t\t<p>Extension des capacit\u00e9s de gestion intelligente du cash, du cr\u00e9dit et des encaissements au sein du Revenue Operating System de RecVue.<\/p>\t\t\t\t\t\t\t\t<\/div>\n\t\t\t\t<\/div>\n\t\t\t\t<div class=\"elementor-element elementor-element-5aaed997 elementor-align-center elementor-mobile-align-center elementor-widget elementor-widget-button\" data-id=\"5aaed997\" data-element_type=\"widget\" data-widget_type=\"button.default\">\n\t\t\t\t<div class=\"elementor-widget-container\">\n\t\t\t\t\t\t\t\t\t<div class=\"elementor-button-wrapper\">\n\t\t\t\t\t<a class=\"elementor-button elementor-button-link elementor-size-md\" href=\"https:\/\/www.recvue.com\/aividens\/\" target=\"_blank\" rel=\"noopener\">\n\t\t\t\t\t\t<span class=\"elementor-button-content-wrapper\">\n\t\t\t\t\t\t<span class=\"elementor-button-icon\">\n\t\t\t\t<i aria-hidden=\"true\" class=\"fas fa-arrow-right\"><\/i>\t\t\t<\/span>\n\t\t\t\t\t\t\t\t\t<span class=\"elementor-button-text\">En savoir plus<\/span>\n\t\t\t\t\t<\/span>\n\t\t\t\t\t<\/a>\n\t\t\t\t<\/div>\n\t\t\t\t\t\t\t\t<\/div>\n\t\t\t\t<\/div>\n\t\t\t\t<\/div>\n\t\t\t\t\t<\/div>\n\t\t\t\t<\/div>\n\t\t\t\t<\/div>\n\t\t","protected":false},"excerpt":{"rendered":"<p>GESTION INTELLIGENTE DES CR\u00c9ANCES \u00c0 L\u2019\u00c9CHELLE DE L\u2019ENTREPRISE Un partenaire unique pour rationaliser et optimiser votre cycle Order-to-Cash AiVidens combine technologie d\u2019IA de pointe et services de conseil expert pour optimiser chaque \u00e9tape de votre processus Order-to-Cash. De la pr\u00e9vision automatis\u00e9e aux solutions BPO sur mesure, notre approche globale vous aide \u00e0 am\u00e9liorer votre tr\u00e9sorerie, [&hellip;]<\/p>\n","protected":false},"author":12,"featured_media":0,"parent":0,"menu_order":0,"comment_status":"closed","ping_status":"closed","template":"","meta":{"footnotes":""},"class_list":["post-4434","page","type-page","status-publish","hentry"],"_links":{"self":[{"href":"https:\/\/aividens.com\/fr\/wp-json\/wp\/v2\/pages\/4434","targetHints":{"allow":["GET"]}}],"collection":[{"href":"https:\/\/aividens.com\/fr\/wp-json\/wp\/v2\/pages"}],"about":[{"href":"https:\/\/aividens.com\/fr\/wp-json\/wp\/v2\/types\/page"}],"author":[{"embeddable":true,"href":"https:\/\/aividens.com\/fr\/wp-json\/wp\/v2\/users\/12"}],"replies":[{"embeddable":true,"href":"https:\/\/aividens.com\/fr\/wp-json\/wp\/v2\/comments?post=4434"}],"version-history":[{"count":50,"href":"https:\/\/aividens.com\/fr\/wp-json\/wp\/v2\/pages\/4434\/revisions"}],"predecessor-version":[{"id":5160,"href":"https:\/\/aividens.com\/fr\/wp-json\/wp\/v2\/pages\/4434\/revisions\/5160"}],"wp:attachment":[{"href":"https:\/\/aividens.com\/fr\/wp-json\/wp\/v2\/media?parent=4434"}],"curies":[{"name":"wp","href":"https:\/\/api.w.org\/{rel}","templated":true}]}}