{"id":4971,"date":"2025-06-16T08:43:27","date_gmt":"2025-06-16T07:43:27","guid":{"rendered":"https:\/\/aividens.com\/services\/"},"modified":"2025-06-20T14:33:07","modified_gmt":"2025-06-20T13:33:07","slug":"services","status":"publish","type":"page","link":"https:\/\/aividens.com\/fr\/services\/","title":{"rendered":"Services"},"content":{"rendered":"\t\t<div data-elementor-type=\"wp-page\" data-elementor-id=\"4971\" class=\"elementor elementor-4971 elementor-4635\" data-elementor-post-type=\"page\">\n\t\t\t\t<div class=\"elementor-element elementor-element-c30c173 e-flex e-con-boxed e-con e-parent\" data-id=\"c30c173\" data-element_type=\"container\">\n\t\t\t\t\t<div class=\"e-con-inner\">\n\t\t\t\t<div class=\"elementor-element elementor-element-6f6c478 elementor-widget elementor-widget-heading\" data-id=\"6f6c478\" data-element_type=\"widget\" data-widget_type=\"heading.default\">\n\t\t\t\t<div class=\"elementor-widget-container\">\n\t\t\t\t\t<h2 class=\"elementor-heading-title elementor-size-default\">Nos services <span style=\"color:#EC257E\"><\/span>\n<\/h2>\t\t\t\t<\/div>\n\t\t\t\t<\/div>\n\t\t\t\t\t<\/div>\n\t\t\t\t<\/div>\n\t\t<div class=\"elementor-element elementor-element-485c30b e-flex e-con-boxed e-con e-parent\" data-id=\"485c30b\" data-element_type=\"container\" data-settings=\"{&quot;background_background&quot;:&quot;classic&quot;}\">\n\t\t\t\t\t<div class=\"e-con-inner\">\n\t\t<div class=\"elementor-element elementor-element-822dc6d e-con-full e-flex e-con e-child\" data-id=\"822dc6d\" data-element_type=\"container\" data-settings=\"{&quot;background_background&quot;:&quot;classic&quot;}\">\n\t\t\t\t<div class=\"elementor-element elementor-element-ed8c364 elementor-widget elementor-widget-heading\" data-id=\"ed8c364\" data-element_type=\"widget\" data-widget_type=\"heading.default\">\n\t\t\t\t<div class=\"elementor-widget-container\">\n\t\t\t\t\t<h2 class=\"elementor-heading-title elementor-size-default\">Gestion de tr\u00e9sorie<\/h2>\t\t\t\t<\/div>\n\t\t\t\t<\/div>\n\t\t\t\t<div class=\"elementor-element elementor-element-002ae2d elementor-widget elementor-widget-heading\" data-id=\"002ae2d\" data-element_type=\"widget\" data-widget_type=\"heading.default\">\n\t\t\t\t<div class=\"elementor-widget-container\">\n\t\t\t\t\t<h3 class=\"elementor-heading-title elementor-size-default\">Reconnectez vos pr\u00e9visions de tr\u00e9sorerie \u00e0 la r\u00e9alit\u00e9\n<\/h3>\t\t\t\t<\/div>\n\t\t\t\t<\/div>\n\t\t\t\t<div class=\"elementor-element elementor-element-d9f1ee6 elementor-widget elementor-widget-text-editor\" data-id=\"d9f1ee6\" data-element_type=\"widget\" data-widget_type=\"text-editor.default\">\n\t\t\t\t<div class=\"elementor-widget-container\">\n\t\t\t\t\t\t\t\t\t<p>Transformez des pr\u00e9visions de tr\u00e9sorerie peu fiables en pr\u00e9visions pr\u00e9cises gr\u00e2ce \u00e0 notre approche structur\u00e9e qui diagnostique les causes profondes, optimise la qualit\u00e9 des donn\u00e9es et met en \u0153uvre des am\u00e9liorations durables.<\/p>\t\t\t\t\t\t\t\t<\/div>\n\t\t\t\t<\/div>\n\t\t\t\t<div class=\"elementor-element elementor-element-140c685 elementor-align-justify elementor-mobile-align-center elementor-tablet-align-justify elementor-widget elementor-widget-button\" data-id=\"140c685\" data-element_type=\"widget\" data-widget_type=\"button.default\">\n\t\t\t\t<div class=\"elementor-widget-container\">\n\t\t\t\t\t\t\t\t\t<div class=\"elementor-button-wrapper\">\n\t\t\t\t\t<a class=\"elementor-button elementor-button-link elementor-size-md\" href=\"https:\/\/aividens.com\/fr\/gestion-de-tresorie\/\">\n\t\t\t\t\t\t<span class=\"elementor-button-content-wrapper\">\n\t\t\t\t\t\t\t\t\t<span class=\"elementor-button-text\">D\u00e9couvrez nos services de gestion de tr\u00e9sorie<\/span>\n\t\t\t\t\t<\/span>\n\t\t\t\t\t<\/a>\n\t\t\t\t<\/div>\n\t\t\t\t\t\t\t\t<\/div>\n\t\t\t\t<\/div>\n\t\t\t\t<\/div>\n\t\t<div class=\"elementor-element elementor-element-8fbef5c e-con-full e-flex e-con e-child\" data-id=\"8fbef5c\" data-element_type=\"container\" data-settings=\"{&quot;background_background&quot;:&quot;classic&quot;}\">\n\t\t\t\t<div class=\"elementor-element elementor-element-3cda274 elementor-widget elementor-widget-heading\" data-id=\"3cda274\" data-element_type=\"widget\" data-widget_type=\"heading.default\">\n\t\t\t\t<div class=\"elementor-widget-container\">\n\t\t\t\t\t<h3 class=\"elementor-heading-title elementor-size-default\">Gestion de la performance<\/h3>\t\t\t\t<\/div>\n\t\t\t\t<\/div>\n\t\t\t\t<div class=\"elementor-element elementor-element-7d02439 elementor-widget elementor-widget-heading\" data-id=\"7d02439\" data-element_type=\"widget\" data-widget_type=\"heading.default\">\n\t\t\t\t<div class=\"elementor-widget-container\">\n\t\t\t\t\t<h3 class=\"elementor-heading-title elementor-size-default\">Am\u00e9liorez la performance de tr\u00e9sorerie et de recouvrement gr\u00e2ce \u00e0 des insights bas\u00e9s sur les donn\u00e9es et des strat\u00e9gies concr\u00e8tes\n<\/h3>\t\t\t\t<\/div>\n\t\t\t\t<\/div>\n\t\t\t\t<div class=\"elementor-element elementor-element-86e87b8 elementor-widget elementor-widget-text-editor\" data-id=\"86e87b8\" data-element_type=\"widget\" data-widget_type=\"text-editor.default\">\n\t\t\t\t<div class=\"elementor-widget-container\">\n\t\t\t\t\t\t\t\t\tNos experts vous aident \u00e0 lib\u00e9rer du fonds de roulement, \u00e0 acc\u00e9l\u00e9rer la prise de d\u00e9cision et \u00e0 r\u00e9duire le DSO gr\u00e2ce \u00e0 une approche \u00e9prouv\u00e9e et progressive.\t\t\t\t\t\t\t\t<\/div>\n\t\t\t\t<\/div>\n\t\t\t\t<div class=\"elementor-element elementor-element-a2c9420 elementor-align-justify elementor-mobile-align-center elementor-widget elementor-widget-button\" data-id=\"a2c9420\" data-element_type=\"widget\" data-widget_type=\"button.default\">\n\t\t\t\t<div class=\"elementor-widget-container\">\n\t\t\t\t\t\t\t\t\t<div class=\"elementor-button-wrapper\">\n\t\t\t\t\t<a class=\"elementor-button elementor-button-link elementor-size-md\" href=\"https:\/\/aividens.com\/fr\/gestion-de-la-performance\/\">\n\t\t\t\t\t\t<span class=\"elementor-button-content-wrapper\">\n\t\t\t\t\t\t\t\t\t<span class=\"elementor-button-text\">D\u00e9couvrez nos services de gestion de la performance<\/span>\n\t\t\t\t\t<\/span>\n\t\t\t\t\t<\/a>\n\t\t\t\t<\/div>\n\t\t\t\t\t\t\t\t<\/div>\n\t\t\t\t<\/div>\n\t\t\t\t<\/div>\n\t\t\t\t\t<\/div>\n\t\t\t\t<\/div>\n\t\t\t\t<\/div>\n\t\t","protected":false},"excerpt":{"rendered":"<p>Nos services Gestion de tr\u00e9sorie Reconnectez vos pr\u00e9visions de tr\u00e9sorerie \u00e0 la r\u00e9alit\u00e9 Transformez des pr\u00e9visions de tr\u00e9sorerie peu fiables en pr\u00e9visions pr\u00e9cises gr\u00e2ce \u00e0 notre approche structur\u00e9e qui diagnostique les causes profondes, optimise la qualit\u00e9 des donn\u00e9es et met en \u0153uvre des am\u00e9liorations durables. D\u00e9couvrez nos services de gestion de tr\u00e9sorie Gestion de la [&hellip;]<\/p>\n","protected":false},"author":12,"featured_media":0,"parent":0,"menu_order":0,"comment_status":"closed","ping_status":"closed","template":"","meta":{"footnotes":""},"class_list":["post-4971","page","type-page","status-publish","hentry"],"_links":{"self":[{"href":"https:\/\/aividens.com\/fr\/wp-json\/wp\/v2\/pages\/4971","targetHints":{"allow":["GET"]}}],"collection":[{"href":"https:\/\/aividens.com\/fr\/wp-json\/wp\/v2\/pages"}],"about":[{"href":"https:\/\/aividens.com\/fr\/wp-json\/wp\/v2\/types\/page"}],"author":[{"embeddable":true,"href":"https:\/\/aividens.com\/fr\/wp-json\/wp\/v2\/users\/12"}],"replies":[{"embeddable":true,"href":"https:\/\/aividens.com\/fr\/wp-json\/wp\/v2\/comments?post=4971"}],"version-history":[{"count":1,"href":"https:\/\/aividens.com\/fr\/wp-json\/wp\/v2\/pages\/4971\/revisions"}],"predecessor-version":[{"id":4972,"href":"https:\/\/aividens.com\/fr\/wp-json\/wp\/v2\/pages\/4971\/revisions\/4972"}],"wp:attachment":[{"href":"https:\/\/aividens.com\/fr\/wp-json\/wp\/v2\/media?parent=4971"}],"curies":[{"name":"wp","href":"https:\/\/api.w.org\/{rel}","templated":true}]}}