{"id":5038,"date":"2026-03-13T09:01:43","date_gmt":"2026-03-13T08:01:43","guid":{"rendered":"https:\/\/aividens.com\/test\/"},"modified":"2026-03-13T09:20:37","modified_gmt":"2026-03-13T08:20:37","slug":"test","status":"publish","type":"page","link":"https:\/\/aividens.com\/fr\/test\/","title":{"rendered":"Test"},"content":{"rendered":"\t\t<div data-elementor-type=\"wp-page\" data-elementor-id=\"5038\" class=\"elementor elementor-5038\" data-elementor-post-type=\"page\">\n\t\t\t\t\t\t<\/div>\n\t\t","protected":false},"excerpt":{"rendered":"<p>AiVidens fait d\u00e9sormais partie de RecVue Extension des capacit\u00e9s de gestion intelligente du cash, du cr\u00e9dit et des encaissements au sein du Revenue Operating System de RecVue. En savoir plus<\/p>\n","protected":false},"author":12,"featured_media":0,"parent":0,"menu_order":0,"comment_status":"closed","ping_status":"closed","template":"","meta":{"footnotes":""},"class_list":["post-5038","page","type-page","status-publish","hentry"],"_links":{"self":[{"href":"https:\/\/aividens.com\/fr\/wp-json\/wp\/v2\/pages\/5038","targetHints":{"allow":["GET"]}}],"collection":[{"href":"https:\/\/aividens.com\/fr\/wp-json\/wp\/v2\/pages"}],"about":[{"href":"https:\/\/aividens.com\/fr\/wp-json\/wp\/v2\/types\/page"}],"author":[{"embeddable":true,"href":"https:\/\/aividens.com\/fr\/wp-json\/wp\/v2\/users\/12"}],"replies":[{"embeddable":true,"href":"https:\/\/aividens.com\/fr\/wp-json\/wp\/v2\/comments?post=5038"}],"version-history":[{"count":5,"href":"https:\/\/aividens.com\/fr\/wp-json\/wp\/v2\/pages\/5038\/revisions"}],"predecessor-version":[{"id":5058,"href":"https:\/\/aividens.com\/fr\/wp-json\/wp\/v2\/pages\/5038\/revisions\/5058"}],"wp:attachment":[{"href":"https:\/\/aividens.com\/fr\/wp-json\/wp\/v2\/media?parent=5038"}],"curies":[{"name":"wp","href":"https:\/\/api.w.org\/{rel}","templated":true}]}}